{"id":48,"date":"2020-04-23T23:48:12","date_gmt":"2020-04-23T21:48:12","guid":{"rendered":"http:\/\/te2k.eu\/?page_id=48"},"modified":"2022-06-08T15:04:56","modified_gmt":"2022-06-08T13:04:56","slug":"software","status":"publish","type":"page","link":"https:\/\/te2k.it\/index.php\/software\/","title":{"rendered":"Software"},"content":{"rendered":"\n<h5 class=\"wp-block-heading\">Dall&#8217;<strong>IDEA<\/strong>, al&nbsp;<strong>PROGETTO<\/strong>, alla&nbsp;<strong>REALIZZAZIONE <\/strong><\/h5>\n\n\n\n<p>La continua evoluzione dei mercati richiede un costante aggiornamento delle strategie e una rapida attuazione in procedure operative. L&#8217;esperienza ed il&nbsp;<em>know-how<\/em>&nbsp;di Tecno Engineering consentono di realizzare sistemi al passo con l&#8217;evoluzione dei mercati.<\/p>\n\n\n\n<p>In Tecno Engineering abbiamo l&#8217;esperienza necessaria per adattare il sistema informativo aziendale e sfruttare al massimo le peculiarit\u00e0 di ciascuna impresa, valorizzando e supportando lo sviluppo delle attivit\u00e0.<\/p>\n\n\n\n<p>I NOSTRI SOFTWARE SONO SISTEMI ERP DI ULTIMA GENERAZIONE<\/p>\n\n\n\n<h4 class=\"wp-block-heading\"><strong>ERP&nbsp;<\/strong><\/h4>\n\n\n\n<p>\u00e8 l\u2019acronimo di&nbsp;<strong>Enterprise Resource Planning<\/strong>. Per Tecno Engineering \u201cpianificazione delle risorse d\u2019impresa\u201d significa creare soluzioni che integrano tra loro tutti i processi aziendali: contabilit\u00e0 generale, contabilit\u00e0 industriale, controllo di gestione, produzione, logistica, acquisti, vendite, ecc. consentendo la loro reciproca ottimizzazione e una migliore organizzazione del lavoro.<\/p>\n\n\n\n<p>I processi aziendali compongono cos\u00ec un flusso di dati e informazioni nell&#8217;ERP aziendale che garantisce efficienza e continuit\u00e0.<\/p>\n\n\n\n<h4 class=\"wp-block-heading\"><strong>PROMUOVI<\/strong><\/h4>\n\n\n\n<p>L\u2019organizzazione, la pianificazione, l\u2019automatizzazione e la semplificazione delle procedure. I software forniti da Tecno Engineering sono ERP di ultima generazione (Enterprise Resource Planning, espressione che potrebbe essere tradotta in \u201cpianificazione delle risorse d\u2019impresa\u201d)<br>e nascono per automatizzare e semplificare i processi abituali delle Aziende e per sostituire molti interventi manuali con operazioni elaborate dai programmi stessi. Tali software sono semplici da installare, configurare e gestire, intuitivi nell\u2019utilizzo, facilmente aggiornabili ed efficaci in ciascun comparto della tua azienda: produzione, distribuzione, vendita, magazzino,<br>manutenzione, contabilit\u00e0, amministrazione, reporting. Tutto ci\u00f2 \u00e8 possibile sempre grazie alla digitalizzazione dei dati, che consente di rendere tracciabili sia i prodotti che i vari processi della tua azienda, quali la vendita, gli acquisti, la produzione, il controllo della qualit\u00e0, la spedizione, la contabilizzazione, l\u2019assistenza clienti, la determinazione dei prezzi, delle promozioni, delle campagne di vendita.<\/p>\n\n\n\n<h4 class=\"wp-block-heading\"><strong>SCEGLI&nbsp;<\/strong><\/h4>\n\n\n\n<p>Strumenti informatici pensati in modo specifico per la tua realt\u00e0 di azienda, di professionista o di ente, strumenti \u201ccuciti addosso\u201d a te, cio\u00e8 declinati in modo esclusivo ed originale a seconda delle tue esigenze.<br>Scegli il supporto e la formazione costante dei professionisti di Tecno Engineering, che si rendono costantemente reperibili e disponibili ad intervenire, sul posto o da remoto, per darti le informazioni richieste e per risolvere con sollecitudine eventuali problemi.<\/p>\n\n\n\n<p id=\"retis\">RICHIEDI LA NOSTRA PROPOSTA PERSONALIZZATA<\/p>\n\n\n\n<p>Saremo lieti di ascoltare i vostri progetti e conoscere le vostre aspettative. Analizzeremo insieme le possibili soluzioni e vi affiancheremo nel percorso di crescita e di ottimizzazione.<\/p>\n\n\n<div class=\"wp-block-image\">\n<figure class=\"alignleft size-full is-resized\"><img loading=\"lazy\" decoding=\"async\" src=\"http:\/\/te2k.eu\/wp-content\/uploads\/2020\/07\/image-2.png\" alt=\"\" class=\"wp-image-275\" width=\"240\" height=\"91\" srcset=\"https:\/\/te2k.it\/wp-content\/uploads\/2020\/07\/image-2.png 559w, https:\/\/te2k.it\/wp-content\/uploads\/2020\/07\/image-2-300x114.png 300w\" sizes=\"auto, (max-width: 240px) 100vw, 240px\" \/><\/figure><\/div>\n\n\n<h3 class=\"wp-block-heading\">Scegli RETIS:<\/h3>\n\n\n\n<h3 class=\"wp-block-heading\">ERP modulare e flessibile per l&#8217;azienda agile!<\/h3>\n\n\n\n<p>RETIS \u00e8 ERP completo e modulare, multi-azienda, multi-lingua e multi-valuta. Con RETIS l\u2019impresa ha a disposizione un sistema informatico con tutte le funzioni utili per la gestione dei processi operativi. Copre tutte le principali esigenze dell\u2019azienda di produzione per l\u2019efficientamento delle attivit\u00e0.<\/p>\n\n\n\n<p>L\u2019elevata flessibilit\u00e0 di RETIS \u00e8 caratterizzata da una interfaccia utente implementata su HTML 5 standard, che rende il sistema utilizzabile da qualsiasi device con un semplice browser standard, come ad esempio Microsoft Edge, Google Chrome, Mozilla Firefox, Safari, Opera, ecc..<\/p>\n\n\n\n<p>Il software applicativo pu\u00f2 essere installato su sistema operativo Linux o Windows, con data-base open source come MySQL, o proprietari come SQL Server ed Oracle.<\/p>\n\n\n\n<p>\u00c8 utilizzato da imprese con Filiali all\u2019estero tramite i moduli opzionali disponibili per le principali legislazioni Internazionali, ed al men\u00f9 disponibile nelle diverse lingue,<\/p>\n\n\n\n<blockquote class=\"wp-block-quote is-layout-flow wp-block-quote-is-layout-flow\"><p><i>\u201cTecno Engineering \u00e8 nata e cresciuta affiancando i propri clienti nell\u2019implementazione&nbsp;<\/i><em>di sistemi gestionali&nbsp;<\/em><em>e nell&#8217;ottimizzazione dei processi operativi, creando le condizioni per il consolidamento delle attivit\u00e0 e per una crescita duratura e&nbsp;sostenibile\u201d<\/em><\/p><p style=\"text-align: center;\"><cite>Giordano Ghedini &#8211; Tecno Engineering S.r.l.<\/cite><\/p><cite>Giordano Ghedini &#8211; Tecno Engineering S.r.l.<\/cite><\/blockquote>\n\n\n\n<h2 class=\"wp-block-heading\" id=\"PowerBI\">&nbsp;<\/h2>\n\n\n\n<h2 class=\"wp-block-heading\">&nbsp;<\/h2>\n\n\n\n<h3 class=\"wp-block-heading\"><img loading=\"lazy\" decoding=\"async\" class=\"wp-image-757 alignleft\" src=\"http:\/\/te2k.eu\/wp-content\/uploads\/2022\/05\/MS-PowerBI.jpg\" alt=\"\" width=\"179\" height=\"108\"> CONTROLLO DI GESTIONE:<\/h3>\n\n\n\n<h3 class=\"wp-block-heading\">Microsoft Power BI per&nbsp; l&#8217;impresa <em>DATA-DRIVEN<\/em><\/h3>\n\n\n\n<p class=\"has-text-align-left\">DATA-DRIVEN ORGANIZATION &#8211; DDO \u00e8 un Sistema Informativo Direzionale che a partire da un nucleo per il CONTROLLO DI GESTIONE mette a disposizione della Direzione tutte quelle analisi e quegli strumenti necessari per definire strategie ed obiettivi.<\/p>\n\n\n\n<p class=\"has-text-align-left\">TECNO ENGINEERING ha sviluppato una soluzione software per l&#8217;Azienda che vuole adottare strategie basate sulla grande quantit\u00e0 di dati che ogni realt\u00e0 imprenditoriale possiede, patrimonio molto spesso trascurato ed inutilizzato. TECNO ENGINEERING \u00e8 pronta ad iniziare con un percorso fatto di uomini e tecnologie, di dati da valorizzare e di strategie da adottare, con l\u2019obiettivo di avviare un percorso strategico verso obiettivi di efficienza, agilit\u00e0 ed evoluzione.<\/p>\n\n\n\n<h4 class=\"wp-block-heading\"><strong>TRASFORMA<\/strong><\/h4>\n\n\n\n<p>In digitale i dati di tutti i processi della tua Azienda, per confrontarli, interpretarli e pianificarli in modo veloce e attendibile. Adotta il sistema <em>\u00abData-Driven Organization\u00bb<\/em>, potrai cos\u00ec calibrare i tuoi obiettivi e monitorare i tuoi risultati, supportando scelte e decisioni mirate. Trasformare i dati della tua azienda in digitale significa renderla trasparente ai tuoi occhi in ogni momento e dirigerla con meno rischi e con maggiori margini di successo. Riduci gli errori, i ritardi, gli sprechi, le giacenze, l\u2019immissione manuale dei dati, l\u2019uso eccessivo della carta.<\/p>\n\n\n\n<h4 class=\"wp-block-heading\"><strong>DIVENTA <\/strong><\/h4>\n\n\n\n<p>Pi\u00f9 innovativo, funzionale e strategico! Grazie al sistema <em>\u00abData-Driven Organization\u00bb<\/em>&nbsp;di Tecno Engineering, la tua Azienda diventa agile e gestibile in ogni momento e in ogni luogo, attraverso il tuo PC, il tuo tablet o il tuo smartphone, semplificando cos\u00ec i rapporti tra te, i tuoi collaboratori,<br>i tuoi clienti e fornitori. Con un accesso semplice, veloce e sicuro, puoi prendere decisioni strategiche in tempo reale, sempre e ovunque.<\/p>\n\n\n\n<h4 class=\"wp-block-heading\"><strong>RISPARMIA<\/strong><\/h4>\n\n\n\n<p>Tempo, energie, denaro! I software Tecno Engineering, consentono di disporre e di elaborare dati precisi e sempre aggiornati, per fare scelte tempestive e prendere decisioni mirate per la tua azienda, con risparmi notevoli e aumenti di redditivit\u00e0.<\/p>\n\n\n\n<p>\u00c8 tempo di prendere in mano la tua attivit\u00e0 e di \u201cpilotarla\u201d dove vuoi tu!<\/p>\n","protected":false},"excerpt":{"rendered":"<p>Dall&#8217;IDEA, al&nbsp;PROGETTO, alla&nbsp;REALIZZAZIONE La continua evoluzione dei mercati richiede un costante aggiornamento delle strategie e una rapida attuazione in procedure operative. L&#8217;esperienza ed il&nbsp;know-how&nbsp;di Tecno Engineering consentono di realizzare sistemi al passo con l&#8217;evoluzione dei mercati. In Tecno Engineering abbiamo l&#8217;esperienza necessaria per adattare il sistema informativo aziendale e sfruttare al massimo le peculiarit\u00e0 di [&hellip;]<\/p>\n","protected":false},"author":1,"featured_media":0,"parent":0,"menu_order":0,"comment_status":"closed","ping_status":"closed","template":"","meta":{"footnotes":""},"class_list":["post-48","page","type-page","status-publish","hentry"],"yoast_head":"<!-- This site is optimized with the Yoast SEO plugin v24.9 - https:\/\/yoast.com\/wordpress\/plugins\/seo\/ -->\n<title>Software - TE2K<\/title>\n<meta name=\"robots\" content=\"index, follow, max-snippet:-1, max-image-preview:large, max-video-preview:-1\" \/>\n<link rel=\"canonical\" href=\"https:\/\/te2k.it\/index.php\/software\/\" \/>\n<meta property=\"og:locale\" content=\"it_IT\" \/>\n<meta property=\"og:type\" content=\"article\" \/>\n<meta property=\"og:title\" content=\"Software - TE2K\" \/>\n<meta property=\"og:description\" content=\"Dall&#8217;IDEA, al&nbsp;PROGETTO, alla&nbsp;REALIZZAZIONE La continua evoluzione dei mercati richiede un costante aggiornamento delle strategie e una rapida attuazione in procedure operative. L&#8217;esperienza ed il&nbsp;know-how&nbsp;di Tecno Engineering consentono di realizzare sistemi al passo con l&#8217;evoluzione dei mercati. In Tecno Engineering abbiamo l&#8217;esperienza necessaria per adattare il sistema informativo aziendale e sfruttare al massimo le peculiarit\u00e0 di [&hellip;]\" \/>\n<meta property=\"og:url\" content=\"https:\/\/te2k.it\/index.php\/software\/\" \/>\n<meta property=\"og:site_name\" content=\"TE2K\" \/>\n<meta property=\"article:modified_time\" content=\"2022-06-08T13:04:56+00:00\" \/>\n<meta property=\"og:image\" content=\"http:\/\/te2k.eu\/wp-content\/uploads\/2020\/07\/image-2.png\" \/>\n<meta name=\"twitter:card\" content=\"summary_large_image\" \/>\n<meta name=\"twitter:label1\" content=\"Tempo di lettura stimato\" \/>\n\t<meta name=\"twitter:data1\" content=\"6 minuti\" \/>\n<script type=\"application\/ld+json\" class=\"yoast-schema-graph\">{\"@context\":\"https:\/\/schema.org\",\"@graph\":[{\"@type\":\"WebPage\",\"@id\":\"https:\/\/te2k.it\/index.php\/software\/\",\"url\":\"https:\/\/te2k.it\/index.php\/software\/\",\"name\":\"Software - TE2K\",\"isPartOf\":{\"@id\":\"https:\/\/te2k.it\/#website\"},\"primaryImageOfPage\":{\"@id\":\"https:\/\/te2k.it\/index.php\/software\/#primaryimage\"},\"image\":{\"@id\":\"https:\/\/te2k.it\/index.php\/software\/#primaryimage\"},\"thumbnailUrl\":\"http:\/\/te2k.eu\/wp-content\/uploads\/2020\/07\/image-2.png\",\"datePublished\":\"2020-04-23T21:48:12+00:00\",\"dateModified\":\"2022-06-08T13:04:56+00:00\",\"breadcrumb\":{\"@id\":\"https:\/\/te2k.it\/index.php\/software\/#breadcrumb\"},\"inLanguage\":\"it-IT\",\"potentialAction\":[{\"@type\":\"ReadAction\",\"target\":[\"https:\/\/te2k.it\/index.php\/software\/\"]}]},{\"@type\":\"ImageObject\",\"inLanguage\":\"it-IT\",\"@id\":\"https:\/\/te2k.it\/index.php\/software\/#primaryimage\",\"url\":\"http:\/\/te2k.eu\/wp-content\/uploads\/2020\/07\/image-2.png\",\"contentUrl\":\"http:\/\/te2k.eu\/wp-content\/uploads\/2020\/07\/image-2.png\"},{\"@type\":\"BreadcrumbList\",\"@id\":\"https:\/\/te2k.it\/index.php\/software\/#breadcrumb\",\"itemListElement\":[{\"@type\":\"ListItem\",\"position\":1,\"name\":\"Home\",\"item\":\"https:\/\/te2k.it\/\"},{\"@type\":\"ListItem\",\"position\":2,\"name\":\"Software\"}]},{\"@type\":\"WebSite\",\"@id\":\"https:\/\/te2k.it\/#website\",\"url\":\"https:\/\/te2k.it\/\",\"name\":\"TE2K\",\"description\":\"Software per Aziende Efficienti, Agili e Affidabili.\",\"publisher\":{\"@id\":\"https:\/\/te2k.it\/#organization\"},\"potentialAction\":[{\"@type\":\"SearchAction\",\"target\":{\"@type\":\"EntryPoint\",\"urlTemplate\":\"https:\/\/te2k.it\/?s={search_term_string}\"},\"query-input\":{\"@type\":\"PropertyValueSpecification\",\"valueRequired\":true,\"valueName\":\"search_term_string\"}}],\"inLanguage\":\"it-IT\"},{\"@type\":\"Organization\",\"@id\":\"https:\/\/te2k.it\/#organization\",\"name\":\"TE2K\",\"url\":\"https:\/\/te2k.it\/\",\"logo\":{\"@type\":\"ImageObject\",\"inLanguage\":\"it-IT\",\"@id\":\"https:\/\/te2k.it\/#\/schema\/logo\/image\/\",\"url\":\"https:\/\/te2k.it\/wp-content\/uploads\/2020\/09\/cropped-LOGO_TE_mini1-1-e1608635428335-1.png\",\"contentUrl\":\"https:\/\/te2k.it\/wp-content\/uploads\/2020\/09\/cropped-LOGO_TE_mini1-1-e1608635428335-1.png\",\"width\":180,\"height\":95,\"caption\":\"TE2K\"},\"image\":{\"@id\":\"https:\/\/te2k.it\/#\/schema\/logo\/image\/\"}}]}<\/script>\n<!-- \/ Yoast SEO plugin. -->","yoast_head_json":{"title":"Software - TE2K","robots":{"index":"index","follow":"follow","max-snippet":"max-snippet:-1","max-image-preview":"max-image-preview:large","max-video-preview":"max-video-preview:-1"},"canonical":"https:\/\/te2k.it\/index.php\/software\/","og_locale":"it_IT","og_type":"article","og_title":"Software - TE2K","og_description":"Dall&#8217;IDEA, al&nbsp;PROGETTO, alla&nbsp;REALIZZAZIONE La continua evoluzione dei mercati richiede un costante aggiornamento delle strategie e una rapida attuazione in procedure operative. L&#8217;esperienza ed il&nbsp;know-how&nbsp;di Tecno Engineering consentono di realizzare sistemi al passo con l&#8217;evoluzione dei mercati. In Tecno Engineering abbiamo l&#8217;esperienza necessaria per adattare il sistema informativo aziendale e sfruttare al massimo le peculiarit\u00e0 di [&hellip;]","og_url":"https:\/\/te2k.it\/index.php\/software\/","og_site_name":"TE2K","article_modified_time":"2022-06-08T13:04:56+00:00","og_image":[{"url":"http:\/\/te2k.eu\/wp-content\/uploads\/2020\/07\/image-2.png","type":"","width":"","height":""}],"twitter_card":"summary_large_image","twitter_misc":{"Tempo di lettura stimato":"6 minuti"},"schema":{"@context":"https:\/\/schema.org","@graph":[{"@type":"WebPage","@id":"https:\/\/te2k.it\/index.php\/software\/","url":"https:\/\/te2k.it\/index.php\/software\/","name":"Software - TE2K","isPartOf":{"@id":"https:\/\/te2k.it\/#website"},"primaryImageOfPage":{"@id":"https:\/\/te2k.it\/index.php\/software\/#primaryimage"},"image":{"@id":"https:\/\/te2k.it\/index.php\/software\/#primaryimage"},"thumbnailUrl":"http:\/\/te2k.eu\/wp-content\/uploads\/2020\/07\/image-2.png","datePublished":"2020-04-23T21:48:12+00:00","dateModified":"2022-06-08T13:04:56+00:00","breadcrumb":{"@id":"https:\/\/te2k.it\/index.php\/software\/#breadcrumb"},"inLanguage":"it-IT","potentialAction":[{"@type":"ReadAction","target":["https:\/\/te2k.it\/index.php\/software\/"]}]},{"@type":"ImageObject","inLanguage":"it-IT","@id":"https:\/\/te2k.it\/index.php\/software\/#primaryimage","url":"http:\/\/te2k.eu\/wp-content\/uploads\/2020\/07\/image-2.png","contentUrl":"http:\/\/te2k.eu\/wp-content\/uploads\/2020\/07\/image-2.png"},{"@type":"BreadcrumbList","@id":"https:\/\/te2k.it\/index.php\/software\/#breadcrumb","itemListElement":[{"@type":"ListItem","position":1,"name":"Home","item":"https:\/\/te2k.it\/"},{"@type":"ListItem","position":2,"name":"Software"}]},{"@type":"WebSite","@id":"https:\/\/te2k.it\/#website","url":"https:\/\/te2k.it\/","name":"TE2K","description":"Software per Aziende Efficienti, Agili e Affidabili.","publisher":{"@id":"https:\/\/te2k.it\/#organization"},"potentialAction":[{"@type":"SearchAction","target":{"@type":"EntryPoint","urlTemplate":"https:\/\/te2k.it\/?s={search_term_string}"},"query-input":{"@type":"PropertyValueSpecification","valueRequired":true,"valueName":"search_term_string"}}],"inLanguage":"it-IT"},{"@type":"Organization","@id":"https:\/\/te2k.it\/#organization","name":"TE2K","url":"https:\/\/te2k.it\/","logo":{"@type":"ImageObject","inLanguage":"it-IT","@id":"https:\/\/te2k.it\/#\/schema\/logo\/image\/","url":"https:\/\/te2k.it\/wp-content\/uploads\/2020\/09\/cropped-LOGO_TE_mini1-1-e1608635428335-1.png","contentUrl":"https:\/\/te2k.it\/wp-content\/uploads\/2020\/09\/cropped-LOGO_TE_mini1-1-e1608635428335-1.png","width":180,"height":95,"caption":"TE2K"},"image":{"@id":"https:\/\/te2k.it\/#\/schema\/logo\/image\/"}}]}},"_links":{"self":[{"href":"https:\/\/te2k.it\/index.php\/wp-json\/wp\/v2\/pages\/48","targetHints":{"allow":["GET"]}}],"collection":[{"href":"https:\/\/te2k.it\/index.php\/wp-json\/wp\/v2\/pages"}],"about":[{"href":"https:\/\/te2k.it\/index.php\/wp-json\/wp\/v2\/types\/page"}],"author":[{"embeddable":true,"href":"https:\/\/te2k.it\/index.php\/wp-json\/wp\/v2\/users\/1"}],"replies":[{"embeddable":true,"href":"https:\/\/te2k.it\/index.php\/wp-json\/wp\/v2\/comments?post=48"}],"version-history":[{"count":83,"href":"https:\/\/te2k.it\/index.php\/wp-json\/wp\/v2\/pages\/48\/revisions"}],"predecessor-version":[{"id":815,"href":"https:\/\/te2k.it\/index.php\/wp-json\/wp\/v2\/pages\/48\/revisions\/815"}],"wp:attachment":[{"href":"https:\/\/te2k.it\/index.php\/wp-json\/wp\/v2\/media?parent=48"}],"curies":[{"name":"wp","href":"https:\/\/api.w.org\/{rel}","templated":true}]}}